{"id":67,"date":"2016-08-08T20:21:11","date_gmt":"2016-08-08T20:21:11","guid":{"rendered":"http:\/\/uwg-uelsen.de\/?page_id=67"},"modified":"2021-08-23T10:07:29","modified_gmt":"2021-08-23T10:07:29","slug":"startseite","status":"publish","type":"page","link":"https:\/\/uwg-uelsen.de\/","title":{"rendered":"Startseite"},"content":{"rendered":"<h1>\u00a0MEHR\u00a0 \u00a0 \u00a0Visionen\u00a0 \u00a0 \u00a0mit UNS\u00a0 \u00a0 \u00a0 \u00a0 \u00a0 \u00a0 \u00a0 \u00a0 \u00a0 \u00a0 \u00a0 \u00a0 \u00a0 \u00a0 \u00a0 \u00a0 \u00a0 \u00a0 \u00a0 \u00a0 \u00a0f\u00fcr die Ge<strong>meinde und Samtgemeinde\u00a0<\/strong><\/h1>\n<p><img loading=\"lazy\" class=\"wp-image-232 alignleft\" src=\"https:\/\/uwg-uelsen.de\/wp-content\/uploads\/2021\/08\/UWG_Gruppenphoto_236591712_1267970140300341_2272765689091217720_n-300x200.jpg\" alt=\"\" width=\"608\" height=\"405\" srcset=\"https:\/\/uwg-uelsen.de\/wp-content\/uploads\/2021\/08\/UWG_Gruppenphoto_236591712_1267970140300341_2272765689091217720_n-300x200.jpg 300w, https:\/\/uwg-uelsen.de\/wp-content\/uploads\/2021\/08\/UWG_Gruppenphoto_236591712_1267970140300341_2272765689091217720_n-1024x683.jpg 1024w, https:\/\/uwg-uelsen.de\/wp-content\/uploads\/2021\/08\/UWG_Gruppenphoto_236591712_1267970140300341_2272765689091217720_n-768x512.jpg 768w, https:\/\/uwg-uelsen.de\/wp-content\/uploads\/2021\/08\/UWG_Gruppenphoto_236591712_1267970140300341_2272765689091217720_n-1536x1024.jpg 1536w, https:\/\/uwg-uelsen.de\/wp-content\/uploads\/2021\/08\/UWG_Gruppenphoto_236591712_1267970140300341_2272765689091217720_n-1200x800.jpg 1200w, https:\/\/uwg-uelsen.de\/wp-content\/uploads\/2021\/08\/UWG_Gruppenphoto_236591712_1267970140300341_2272765689091217720_n.jpg 1924w\" sizes=\"(max-width: 608px) 85vw, 608px\" \/><\/p>\n<h2><strong>UWG will weiter ein W\u00f6rtchen mitreden &#8230;&#8230;<\/strong><\/h2>\n<p><strong>Herzlich willkommen bei der UWG Uelsen.<\/strong><\/p>\n<p>Wir sind keine Partei und k\u00f6nnen uns daher (ohne Vorgaben aus Hannover oder Berlin) f\u00fcr die Gemeinde und Samtgemeinde Uelsen einbringen.<\/p>\n<p>Wir sind engagierte B\u00fcrger, die sich f\u00fcr die Gemeinde und Samtgemeinde Uelsen einsetzen. Um dies auch weiterhin machen zu k\u00f6nnen, ben\u00f6tigen wir am 12. September viele Stimmen.<\/p>\n<p>Wer sich f\u00fcr unsere Arbeit und unser Wirken interessiert, kann uns gerne ansprechen.<\/p>\n<h6><span style=\"color: #993300; font-size: 19px; font-style: italic;\">Gibt es Themen, derer wir uns annehmen sollen? Besteht Informationsbedarf zur Ratsarbeit und den Beschl\u00fcssen in der Gemeinde und \/ oder Samtgemeinde?\u00a0<\/span><\/h6>\n<h6><span style=\"color: #993366;\"><em><span style=\"color: #993300;\">W<\/span><span style=\"color: #993300;\">ir\u00a0informieren gerne &#8211; im Rahmen der gesetzlichen M\u00f6glichkeiten, wenn es um Beschl\u00fcsse geht! <\/span><\/em><\/span><\/h6>\n<h6><span style=\"color: #993366;\"><em><span style=\"color: #993300;\">Wir freuen uns \u00fcber das Interesse und den Dialog!<\/span><\/em><\/span><\/h6>\n<h6><span style=\"color: #993300;\">Wenn Sie Lust haben, mitzuwirken \u2013 wir freuen uns \u00fcber jeden.<\/span><\/h6>\n<h3><\/h3>\n<p>Kommentieren Sie Themen und Schlagw\u00f6rter (unten)!<\/p>\n","protected":false},"excerpt":{"rendered":"<p>\u00a0MEHR\u00a0 \u00a0 \u00a0Visionen\u00a0 \u00a0 \u00a0mit UNS\u00a0 \u00a0 \u00a0 \u00a0 \u00a0 \u00a0 \u00a0 \u00a0 \u00a0 \u00a0 \u00a0 \u00a0 \u00a0 \u00a0 \u00a0 \u00a0 \u00a0 \u00a0 \u00a0 \u00a0 \u00a0f\u00fcr die Gemeinde und Samtgemeinde\u00a0 UWG will weiter ein W\u00f6rtchen mitreden &#8230;&#8230; Herzlich willkommen bei der UWG Uelsen. Wir sind keine Partei und k\u00f6nnen uns daher (ohne Vorgaben aus Hannover &hellip; <a href=\"https:\/\/uwg-uelsen.de\/\" class=\"more-link\"><span class=\"screen-reader-text\">&#8222;Startseite&#8220; <\/span>weiterlesen<\/a><\/p>\n","protected":false},"author":2,"featured_media":0,"parent":0,"menu_order":0,"comment_status":"closed","ping_status":"closed","template":"","meta":[],"_links":{"self":[{"href":"https:\/\/uwg-uelsen.de\/index.php?rest_route=\/wp\/v2\/pages\/67"}],"collection":[{"href":"https:\/\/uwg-uelsen.de\/index.php?rest_route=\/wp\/v2\/pages"}],"about":[{"href":"https:\/\/uwg-uelsen.de\/index.php?rest_route=\/wp\/v2\/types\/page"}],"author":[{"embeddable":true,"href":"https:\/\/uwg-uelsen.de\/index.php?rest_route=\/wp\/v2\/users\/2"}],"replies":[{"embeddable":true,"href":"https:\/\/uwg-uelsen.de\/index.php?rest_route=%2Fwp%2Fv2%2Fcomments&post=67"}],"version-history":[{"count":10,"href":"https:\/\/uwg-uelsen.de\/index.php?rest_route=\/wp\/v2\/pages\/67\/revisions"}],"predecessor-version":[{"id":234,"href":"https:\/\/uwg-uelsen.de\/index.php?rest_route=\/wp\/v2\/pages\/67\/revisions\/234"}],"wp:attachment":[{"href":"https:\/\/uwg-uelsen.de\/index.php?rest_route=%2Fwp%2Fv2%2Fmedia&parent=67"}],"curies":[{"name":"wp","href":"https:\/\/api.w.org\/{rel}","templated":true}]}}